{"id":2678,"date":"2021-04-26T13:57:07","date_gmt":"2021-04-26T10:57:07","guid":{"rendered":"https:\/\/www.esrahellas.gr\/?page_id=2678"},"modified":"2021-07-12T17:45:51","modified_gmt":"2021-07-12T14:45:51","slug":"esra-hellas-honorary-members","status":"publish","type":"page","link":"https:\/\/www.esrahellas.gr\/en\/esra-hellas-honorary-members\/","title":{"rendered":"ESRA Hellas Honorary Members"},"content":{"rendered":"  <div id=\"page-header-252783014\" class=\"page-header-wrapper\">\n  <div class=\"page-title dark featured-title\">\n\n    \n    <div class=\"page-title-inner container align-center flex-row medium-flex-wrap\" >\n              <div class=\"title-wrapper flex-col text-left medium-text-center\">\n          <h1 class=\"entry-title mb-0\">\n            ESRA Hellas Honorary Members          <\/h1>\n        <\/div>\n                    <div class=\"title-content flex-col flex-right text-right medium-text-center\">\n        <div class=\"title-share pt-half pb-half\"><div class=\"social-icons share-icons share-row relative icon-style-fill\" ><a href=\"https:\/\/www.facebook.com\/sharer.php?u=https:\/\/www.esrahellas.gr\/en\/esra-hellas-honorary-members\/\" data-label=\"Facebook\" onclick=\"window.open(this.href,this.title,'width=500,height=500,top=300px,left=300px'); return false;\" target=\"_blank\" class=\"icon primary button circle tooltip facebook\" title=\"Share on Facebook\" aria-label=\"Share on Facebook\" rel=\"noopener nofollow\"><i class=\"icon-facebook\" aria-hidden=\"true\"><\/i><\/a><a href=\"https:\/\/twitter.com\/share?url=https:\/\/www.esrahellas.gr\/en\/esra-hellas-honorary-members\/\" onclick=\"window.open(this.href,this.title,'width=500,height=500,top=300px,left=300px'); return false;\" target=\"_blank\" class=\"icon primary button circle tooltip twitter\" title=\"Share on Twitter\" aria-label=\"Share on Twitter\" rel=\"noopener nofollow\"><i class=\"icon-twitter\" aria-hidden=\"true\"><\/i><\/a><a href=\"mailto:?subject=ESRA%20Hellas%20Honorary%20Members&body=Check%20this%20out%3A%20https%3A%2F%2Fwww.esrahellas.gr%2Fen%2Fesra-hellas-honorary-members%2F\" class=\"icon primary button circle tooltip email\" title=\"Email to a Friend\" aria-label=\"Email to a Friend\" rel=\"nofollow\"><i class=\"icon-envelop\" aria-hidden=\"true\"><\/i><\/a><a href=\"https:\/\/www.linkedin.com\/shareArticle?mini=true&url=https:\/\/www.esrahellas.gr\/en\/esra-hellas-honorary-members\/&title=ESRA%20Hellas%20Honorary%20Members\" onclick=\"window.open(this.href,this.title,'width=500,height=500,top=300px,left=300px'); return false;\" target=\"_blank\" class=\"icon primary button circle tooltip linkedin\" title=\"Share on LinkedIn\" aria-label=\"Share on LinkedIn\" rel=\"noopener nofollow\"><i class=\"icon-linkedin\" aria-hidden=\"true\"><\/i><\/a><\/div><\/div>      <\/div>\n    <\/div>\n\n     \n<style>\n#page-header-252783014 {\n  margin-bottom: 20px;\n}\n<\/style>\n  <\/div>\n    <\/div>\n  \n<div class=\"row align-middle\"  id=\"row-2093187391\">\n\n\t<div id=\"col-1170700145\" class=\"col medium-3 small-12 large-3\"  >\n\t\t\t\t<div class=\"col-inner\"  >\n\t\t\t\n\t\t\t\n\t<div class=\"img has-hover x md-x lg-x y md-y lg-y\" id=\"image_1924104535\">\n\t\t\t\t\t\t\t\t<div class=\"img-inner dark\" >\n\t\t\t<img loading=\"lazy\" decoding=\"async\" width=\"1020\" height=\"772\" src=\"https:\/\/www.esrahellas.gr\/wp-content\/uploads\/2021\/04\/esra-hellas.jpg\" class=\"attachment-large size-large\" alt=\"\" \/>\t\t\t\t\t\t\n\t\t\t\t\t<\/div>\n\t\t\t\t\t\t\t\t\n<style>\n#image_1924104535 {\n  width: 100%;\n}\n<\/style>\n\t<\/div>\n\t\n\t\t<\/div>\n\t\t\t\t\t<\/div>\n\n\t\n\n\t<div id=\"col-1251655827\" class=\"col medium-9 small-12 large-9\"  >\n\t\t\t\t<div class=\"col-inner\"  >\n\t\t\t\n\t\t\t\n<h3>Greek Section of European Society of RA &#038; Pain Therapy (ESRA Hellas)<\/h3>\n\t\t<\/div>\n\t\t\t\t\t<\/div>\n\n\t\n<\/div>\n<div class=\"row\"  id=\"row-773594408\">\n\n\t<div id=\"col-364390984\" class=\"col small-12 large-12\"  >\n\t\t\t\t<div class=\"col-inner\"  >\n\t\t\t\n\t\t\t\n<p>It is a great honour for ESRA Hellas to include opinion leaders and RA experts into its honrary members list. Distinguished scientists and academicians have accepted our invitation to be included in our society;s honorary members.<\/p>\n<p>Their contribution to ESRA Hellas efforts and their substantial help to promote ESRA Hellas Goals have been invaluable.<\/p>\n<p>We cordially thank them for their continous support and participation into our scientific activities.<\/p>\n<p>ESRA Hellas Honorary Members are included in the list below in pure alphabetical order.<\/p>\n<div class=\"row\"  id=\"row-1008266736\">\n\n\t<div id=\"col-870076763\" class=\"col medium-6 small-12 large-6 col-divided\"  >\n\t\t\t\t<div class=\"col-inner\"  >\n\t\t\t\n\t\t\t\n<p><strong>1. Prof Alain Borgeat, MD, PhD, EDRA<\/strong><br \/>Head of the Department of Anesthesiology<br \/>Former ESRA Board Member<br \/>EDRA Past President<br \/>Orthopedic University Hospital Balgrist<br \/>Zurich, Switzerland<\/p>\n<p><strong>2. Dr Alain Delbos, MD, PhD<\/strong><br \/>Consultant Anaesthesiologist<br \/>Head of Anaesthesia Department<br \/>ESRA President<br \/>Medipole &#8211; Garone Hospital<br \/>Toulouse, France<\/p>\n<p><strong>3. Prof Claude Ecoffey, MD, PhD, EDRA<\/strong><br \/>President of French Society of Anaeshtesiology<br \/>Chief of University Hospital of Rennes<br \/>(P\u00f4le Hospitalo-Universitaire Anesth\u00e9sie-Samu-Urgences-R\u00e9animations)<br \/>CHU Rennes, France<\/p>\n<p><strong>4. Prof Yavuz Gurkan, MD, PhD<\/strong><br \/>ESRA Board Member<br \/>Professor of Anaesthesiology<br \/>Anaesthesiology Department<br \/>Faculty of Medicine<br \/>Kocaeli University, Turkey<\/p>\n<p><strong>5. Prof Paul Kessler, MD, PhD, EDRA<\/strong><br \/>ESRA Councilor<br \/>Former ESRA Board Member<br \/>EDRA Examiner<br \/>Professor of Anaesthesiology<br \/>Head of Department of Anaesthesiology, Intensive Care Medicine &amp; Pain Medicine<br \/>Orthopaedic University Clinic<br \/>Frankfurt, Germany<\/p>\n<p><strong>6. Dr Patric Narchi, MD, PhD<\/strong><br \/>Consultant Anaesthesiologist<br \/>ESRA France Past President<br \/>Chair of ESRA Ambassador Program<br \/>Centre Clinical &#8211; Soyaux<br \/>Angouleme, France<\/p>\n\t\t<\/div>\n\t\t\t\t\t<\/div>\n\n\t\n\n\t<div id=\"col-1503200761\" class=\"col medium-6 small-12 large-6\"  >\n\t\t\t\t<div class=\"col-inner\"  >\n\t\t\t\n\t\t\t\n<p><strong>7. Prof Narinder Rawal, MD, PhD, FRCA (Hon), EDRA<\/strong><br \/>Professor of Anaesthesiology &amp; Intensive Care<br \/>EDRA Vice Chair (EDRA Part I)<br \/>Department of Anaesthesiology and Intensive Care<br \/>\u00d6rebro University Hospital<br \/>\u00d6rebro, Sweden<\/p>\n<p><strong>8. Dr Nick Scott, MD, PhD, FRCA, EDRA<\/strong><br \/>RA UK Past President<br \/>Deputy Chief of the Department of Anesthesiology, ICU and Perioperative Medicine<br \/>Hamad Medical Corporation (HMC)<br \/>Doha, Qatar<\/p>\n<p><strong>9. Prof Andre Van Zundert, MD, PhD, FRCA, EDRA, FANZCA<\/strong><br \/>ESRA Past President<br \/>Professor &amp; Chairman Discipline of Anesthesiology<br \/>The University of Queensland &#8211; Faculty of Medicine &amp; Biomedical Sciences<br \/>Chair, University of Queensland &#8216;Burns, Trauma &amp; Critical Care Research Centre&#8217;<br \/>Chair, University of Queensland &#8216;Centre of Excellence &amp; Innovation in Anaesthesia&#8217;<br \/>Department of Anaesthesia &amp; Perioperative Medicine<br \/>Royal Brisbane &amp; Women&#8217;s Hospital<br \/>Brisbane, Queensland, Australia<\/p>\n<p><strong>10. Prof Giustino Varrassi, MD, PhD, FIPP<\/strong><br \/>Professor of Anaesthesiology, Reanimation &amp; Intensive Care Therapy<br \/>University of Aquila<br \/>President of Paolo Procacci Foundation<br \/>WIP President Elect<br \/>Past President of European League Against Pain (EuLAP)<\/p>\n<p><strong>11. Prof Thomas Volk, MD, PhD<\/strong><br \/>ESRA General Secretary<br \/>Professor of Anaesthesiology<br \/>Chief of Anaesthesiology Department<br \/>Saarland University Hospital<br \/>Homburg, Germany<\/p>\n<p><strong>12. Prof Gina Vota &#8211; Vellis, MD, PhD, EDRA<\/strong><br \/>EDPM Board Member, EDPM Examiner<br \/>Professor of Anaesthesiology &amp; Pain Therapy<br \/>University Hospial of Chicago<br \/>Chicago, Illinois, USA<\/p>\n\t\t<\/div>\n\t\t\t\t\t<\/div>\n\n\t\n<\/div>\n\t\t<\/div>\n\t\t\t\t\t<\/div>\n\n\t\n<\/div>\n<div class=\"social-icons share-icons share-row relative full-width text-center\" ><a href=\"https:\/\/www.facebook.com\/sharer.php?u=https:\/\/www.esrahellas.gr\/en\/esra-hellas-honorary-members\/\" data-label=\"Facebook\" onclick=\"window.open(this.href,this.title,'width=500,height=500,top=300px,left=300px'); return false;\" target=\"_blank\" class=\"icon primary button circle tooltip facebook\" title=\"Share on Facebook\" aria-label=\"Share on Facebook\" rel=\"noopener nofollow\"><i class=\"icon-facebook\" aria-hidden=\"true\"><\/i><\/a><a href=\"https:\/\/twitter.com\/share?url=https:\/\/www.esrahellas.gr\/en\/esra-hellas-honorary-members\/\" onclick=\"window.open(this.href,this.title,'width=500,height=500,top=300px,left=300px'); return false;\" target=\"_blank\" class=\"icon primary button circle tooltip twitter\" title=\"Share on Twitter\" aria-label=\"Share on Twitter\" rel=\"noopener nofollow\"><i class=\"icon-twitter\" aria-hidden=\"true\"><\/i><\/a><a href=\"mailto:?subject=ESRA%20Hellas%20Honorary%20Members&body=Check%20this%20out%3A%20https%3A%2F%2Fwww.esrahellas.gr%2Fen%2Fesra-hellas-honorary-members%2F\" class=\"icon primary button circle tooltip email\" title=\"Email to a Friend\" aria-label=\"Email to a Friend\" rel=\"nofollow\"><i class=\"icon-envelop\" aria-hidden=\"true\"><\/i><\/a><a href=\"https:\/\/www.linkedin.com\/shareArticle?mini=true&url=https:\/\/www.esrahellas.gr\/en\/esra-hellas-honorary-members\/&title=ESRA%20Hellas%20Honorary%20Members\" onclick=\"window.open(this.href,this.title,'width=500,height=500,top=300px,left=300px'); return false;\" target=\"_blank\" class=\"icon primary button circle tooltip linkedin\" title=\"Share on LinkedIn\" aria-label=\"Share on LinkedIn\" rel=\"noopener nofollow\"><i class=\"icon-linkedin\" aria-hidden=\"true\"><\/i><\/a><\/div>\n","protected":false},"excerpt":{"rendered":"","protected":false},"author":1,"featured_media":0,"parent":0,"menu_order":0,"comment_status":"closed","ping_status":"closed","template":"page-blank.php","meta":{"footnotes":"","_links_to":"","_links_to_target":""},"class_list":["post-2678","page","type-page","status-publish","hentry"],"yoast_head":"<!-- This site is optimized with the Yoast SEO plugin v27.5 - https:\/\/yoast.com\/product\/yoast-seo-wordpress\/ -->\n<title>ESRA Hellas Honorary Members - ESRA Hellas - The Greek Section of European Society of Regional Anaesthesia (ESRA Europe)<\/title>\n<meta name=\"robots\" content=\"index, follow, max-snippet:-1, max-image-preview:large, max-video-preview:-1\" \/>\n<link rel=\"canonical\" href=\"https:\/\/www.esrahellas.gr\/en\/esra-hellas-honorary-members\/\" \/>\n<meta property=\"og:locale\" content=\"en_US\" \/>\n<meta property=\"og:type\" content=\"article\" \/>\n<meta property=\"og:title\" content=\"ESRA Hellas Honorary Members - ESRA Hellas - The Greek Section of European Society of Regional Anaesthesia (ESRA Europe)\" \/>\n<meta property=\"og:url\" content=\"https:\/\/www.esrahellas.gr\/en\/esra-hellas-honorary-members\/\" \/>\n<meta property=\"og:site_name\" content=\"ESRA Hellas - The Greek Section of European Society of Regional Anaesthesia (ESRA Europe)\" \/>\n<meta property=\"article:modified_time\" content=\"2021-07-12T14:45:51+00:00\" \/>\n<meta name=\"twitter:card\" content=\"summary_large_image\" \/>\n<meta name=\"twitter:label1\" content=\"Est. reading time\" \/>\n\t<meta name=\"twitter:data1\" content=\"2 minutes\" \/>\n<script type=\"application\/ld+json\" class=\"yoast-schema-graph\">{\"@context\":\"https:\\\/\\\/schema.org\",\"@graph\":[{\"@type\":\"WebPage\",\"@id\":\"https:\\\/\\\/www.esrahellas.gr\\\/en\\\/esra-hellas-honorary-members\\\/\",\"url\":\"https:\\\/\\\/www.esrahellas.gr\\\/en\\\/esra-hellas-honorary-members\\\/\",\"name\":\"ESRA Hellas Honorary Members - ESRA Hellas - The Greek Section of European Society of Regional Anaesthesia (ESRA Europe)\",\"isPartOf\":{\"@id\":\"https:\\\/\\\/www.esrahellas.gr\\\/#website\"},\"datePublished\":\"2021-04-26T10:57:07+00:00\",\"dateModified\":\"2021-07-12T14:45:51+00:00\",\"breadcrumb\":{\"@id\":\"https:\\\/\\\/www.esrahellas.gr\\\/en\\\/esra-hellas-honorary-members\\\/#breadcrumb\"},\"inLanguage\":\"en-US\",\"potentialAction\":[{\"@type\":\"ReadAction\",\"target\":[\"https:\\\/\\\/www.esrahellas.gr\\\/en\\\/esra-hellas-honorary-members\\\/\"]}]},{\"@type\":\"BreadcrumbList\",\"@id\":\"https:\\\/\\\/www.esrahellas.gr\\\/en\\\/esra-hellas-honorary-members\\\/#breadcrumb\",\"itemListElement\":[{\"@type\":\"ListItem\",\"position\":1,\"name\":\"Home\",\"item\":\"https:\\\/\\\/www.esrahellas.gr\\\/en\\\/\"},{\"@type\":\"ListItem\",\"position\":2,\"name\":\"ESRA Hellas Honorary Members\"}]},{\"@type\":\"WebSite\",\"@id\":\"https:\\\/\\\/www.esrahellas.gr\\\/#website\",\"url\":\"https:\\\/\\\/www.esrahellas.gr\\\/\",\"name\":\"ESRA Hellas - The Greek Section of European Society of Regional Anaesthesia (ESRA Europe)\",\"description\":\"The Greek Section of European Society of Regional Anaesthesia (ESRA Europe)\",\"publisher\":{\"@id\":\"https:\\\/\\\/www.esrahellas.gr\\\/#organization\"},\"potentialAction\":[{\"@type\":\"SearchAction\",\"target\":{\"@type\":\"EntryPoint\",\"urlTemplate\":\"https:\\\/\\\/www.esrahellas.gr\\\/?s={search_term_string}\"},\"query-input\":{\"@type\":\"PropertyValueSpecification\",\"valueRequired\":true,\"valueName\":\"search_term_string\"}}],\"inLanguage\":\"en-US\"},{\"@type\":\"Organization\",\"@id\":\"https:\\\/\\\/www.esrahellas.gr\\\/#organization\",\"name\":\"ESRA Hellas - \u03a4\u03bf \u0395\u03bb\u03bb\u03b7\u03bd\u03b9\u03ba\u03cc \u03a4\u03bc\u03ae\u03bc\u03b1 \u03c4\u03b7\u03c2 \u0395\u03c5\u03c1\u03c9\u03c0\u03b1\u03b9\u03ba\u03ae\u03c2 \u0395\u03c4\u03b1\u03b9\u03c1\u03b5\u03af\u03b1\u03c2 \u03c4\u03b7\u03c2 \u03a0\u03b5\u03c1\u03b9\u03bf\u03c7\u03b9\u03ba\u03ae\u03c2 \u0391\u03bd\u03b1\u03b9\u03c3\u03b8\u03b7\u03c3\u03af\u03b1\u03c2 (ESRA Europe)\",\"url\":\"https:\\\/\\\/www.esrahellas.gr\\\/\",\"logo\":{\"@type\":\"ImageObject\",\"inLanguage\":\"en-US\",\"@id\":\"https:\\\/\\\/www.esrahellas.gr\\\/#\\\/schema\\\/logo\\\/image\\\/\",\"url\":\"https:\\\/\\\/www.esrahellas.gr\\\/wp-content\\\/uploads\\\/2021\\\/06\\\/esra-logo-1.png\",\"contentUrl\":\"https:\\\/\\\/www.esrahellas.gr\\\/wp-content\\\/uploads\\\/2021\\\/06\\\/esra-logo-1.png\",\"width\":\"1363\",\"height\":\"1047\",\"caption\":\"ESRA Hellas - \u03a4\u03bf \u0395\u03bb\u03bb\u03b7\u03bd\u03b9\u03ba\u03cc \u03a4\u03bc\u03ae\u03bc\u03b1 \u03c4\u03b7\u03c2 \u0395\u03c5\u03c1\u03c9\u03c0\u03b1\u03b9\u03ba\u03ae\u03c2 \u0395\u03c4\u03b1\u03b9\u03c1\u03b5\u03af\u03b1\u03c2 \u03c4\u03b7\u03c2 \u03a0\u03b5\u03c1\u03b9\u03bf\u03c7\u03b9\u03ba\u03ae\u03c2 \u0391\u03bd\u03b1\u03b9\u03c3\u03b8\u03b7\u03c3\u03af\u03b1\u03c2 (ESRA Europe)\"},\"image\":{\"@id\":\"https:\\\/\\\/www.esrahellas.gr\\\/#\\\/schema\\\/logo\\\/image\\\/\"}}]}<\/script>\n<!-- \/ Yoast SEO plugin. -->","yoast_head_json":{"title":"ESRA Hellas Honorary Members - ESRA Hellas - The Greek Section of European Society of Regional Anaesthesia (ESRA Europe)","robots":{"index":"index","follow":"follow","max-snippet":"max-snippet:-1","max-image-preview":"max-image-preview:large","max-video-preview":"max-video-preview:-1"},"canonical":"https:\/\/www.esrahellas.gr\/en\/esra-hellas-honorary-members\/","og_locale":"en_US","og_type":"article","og_title":"ESRA Hellas Honorary Members - ESRA Hellas - The Greek Section of European Society of Regional Anaesthesia (ESRA Europe)","og_url":"https:\/\/www.esrahellas.gr\/en\/esra-hellas-honorary-members\/","og_site_name":"ESRA Hellas - The Greek Section of European Society of Regional Anaesthesia (ESRA Europe)","article_modified_time":"2021-07-12T14:45:51+00:00","twitter_card":"summary_large_image","twitter_misc":{"Est. reading time":"2 minutes"},"schema":{"@context":"https:\/\/schema.org","@graph":[{"@type":"WebPage","@id":"https:\/\/www.esrahellas.gr\/en\/esra-hellas-honorary-members\/","url":"https:\/\/www.esrahellas.gr\/en\/esra-hellas-honorary-members\/","name":"ESRA Hellas Honorary Members - ESRA Hellas - The Greek Section of European Society of Regional Anaesthesia (ESRA Europe)","isPartOf":{"@id":"https:\/\/www.esrahellas.gr\/#website"},"datePublished":"2021-04-26T10:57:07+00:00","dateModified":"2021-07-12T14:45:51+00:00","breadcrumb":{"@id":"https:\/\/www.esrahellas.gr\/en\/esra-hellas-honorary-members\/#breadcrumb"},"inLanguage":"en-US","potentialAction":[{"@type":"ReadAction","target":["https:\/\/www.esrahellas.gr\/en\/esra-hellas-honorary-members\/"]}]},{"@type":"BreadcrumbList","@id":"https:\/\/www.esrahellas.gr\/en\/esra-hellas-honorary-members\/#breadcrumb","itemListElement":[{"@type":"ListItem","position":1,"name":"Home","item":"https:\/\/www.esrahellas.gr\/en\/"},{"@type":"ListItem","position":2,"name":"ESRA Hellas Honorary Members"}]},{"@type":"WebSite","@id":"https:\/\/www.esrahellas.gr\/#website","url":"https:\/\/www.esrahellas.gr\/","name":"ESRA Hellas - The Greek Section of European Society of Regional Anaesthesia (ESRA Europe)","description":"The Greek Section of European Society of Regional Anaesthesia (ESRA Europe)","publisher":{"@id":"https:\/\/www.esrahellas.gr\/#organization"},"potentialAction":[{"@type":"SearchAction","target":{"@type":"EntryPoint","urlTemplate":"https:\/\/www.esrahellas.gr\/?s={search_term_string}"},"query-input":{"@type":"PropertyValueSpecification","valueRequired":true,"valueName":"search_term_string"}}],"inLanguage":"en-US"},{"@type":"Organization","@id":"https:\/\/www.esrahellas.gr\/#organization","name":"ESRA Hellas - \u03a4\u03bf \u0395\u03bb\u03bb\u03b7\u03bd\u03b9\u03ba\u03cc \u03a4\u03bc\u03ae\u03bc\u03b1 \u03c4\u03b7\u03c2 \u0395\u03c5\u03c1\u03c9\u03c0\u03b1\u03b9\u03ba\u03ae\u03c2 \u0395\u03c4\u03b1\u03b9\u03c1\u03b5\u03af\u03b1\u03c2 \u03c4\u03b7\u03c2 \u03a0\u03b5\u03c1\u03b9\u03bf\u03c7\u03b9\u03ba\u03ae\u03c2 \u0391\u03bd\u03b1\u03b9\u03c3\u03b8\u03b7\u03c3\u03af\u03b1\u03c2 (ESRA Europe)","url":"https:\/\/www.esrahellas.gr\/","logo":{"@type":"ImageObject","inLanguage":"en-US","@id":"https:\/\/www.esrahellas.gr\/#\/schema\/logo\/image\/","url":"https:\/\/www.esrahellas.gr\/wp-content\/uploads\/2021\/06\/esra-logo-1.png","contentUrl":"https:\/\/www.esrahellas.gr\/wp-content\/uploads\/2021\/06\/esra-logo-1.png","width":"1363","height":"1047","caption":"ESRA Hellas - \u03a4\u03bf \u0395\u03bb\u03bb\u03b7\u03bd\u03b9\u03ba\u03cc \u03a4\u03bc\u03ae\u03bc\u03b1 \u03c4\u03b7\u03c2 \u0395\u03c5\u03c1\u03c9\u03c0\u03b1\u03b9\u03ba\u03ae\u03c2 \u0395\u03c4\u03b1\u03b9\u03c1\u03b5\u03af\u03b1\u03c2 \u03c4\u03b7\u03c2 \u03a0\u03b5\u03c1\u03b9\u03bf\u03c7\u03b9\u03ba\u03ae\u03c2 \u0391\u03bd\u03b1\u03b9\u03c3\u03b8\u03b7\u03c3\u03af\u03b1\u03c2 (ESRA Europe)"},"image":{"@id":"https:\/\/www.esrahellas.gr\/#\/schema\/logo\/image\/"}}]}},"_links":{"self":[{"href":"https:\/\/www.esrahellas.gr\/en\/wp-json\/wp\/v2\/pages\/2678","targetHints":{"allow":["GET"]}}],"collection":[{"href":"https:\/\/www.esrahellas.gr\/en\/wp-json\/wp\/v2\/pages"}],"about":[{"href":"https:\/\/www.esrahellas.gr\/en\/wp-json\/wp\/v2\/types\/page"}],"author":[{"embeddable":true,"href":"https:\/\/www.esrahellas.gr\/en\/wp-json\/wp\/v2\/users\/1"}],"replies":[{"embeddable":true,"href":"https:\/\/www.esrahellas.gr\/en\/wp-json\/wp\/v2\/comments?post=2678"}],"version-history":[{"count":0,"href":"https:\/\/www.esrahellas.gr\/en\/wp-json\/wp\/v2\/pages\/2678\/revisions"}],"wp:attachment":[{"href":"https:\/\/www.esrahellas.gr\/en\/wp-json\/wp\/v2\/media?parent=2678"}],"curies":[{"name":"wp","href":"https:\/\/api.w.org\/{rel}","templated":true}]}}